{"id":786,"date":"2023-06-24T05:06:00","date_gmt":"2023-06-24T05:06:00","guid":{"rendered":"http:\/\/langdpt.cas.cz.uvirt134.active24.cz\/?page_id=786"},"modified":"2023-06-24T05:26:38","modified_gmt":"2023-06-24T05:26:38","slug":"kontakty-pro-media","status":"publish","type":"page","link":"https:\/\/langdpt.cas.cz\/en\/kontakty-pro-media\/","title":{"rendered":"Kontakty pro m\u00e9dia"},"content":{"rendered":"\n<p><strong>PhDr. Martin Pro\u0161ek, Ph.D.<br><\/strong>\u0159editel<br>e-mail: prosek at ujc.cas.cz<br>tel.: +420 257 533 756, +420 225 391 403<\/p>\n\n\n\n<p><strong>PhDr. Mark\u00e9ta Pravdov\u00e1, Ph.D., MBA<br><\/strong>z\u00e1stupkyn\u011b \u0159editele pro vn\u011bj\u0161\u00ed vztahy a popularizaci<br>e-mail: pravdova at ujc.cas.cz<br>tel.: +420 225 391 426<\/p>\n","protected":false},"excerpt":{"rendered":"<p>PhDr. Martin Pro\u0161ek, Ph.D.\u0159editele-mail: prosek at ujc.cas.cztel.: +420 257 533 756, +420 225 391 403 PhDr. Mark\u00e9ta Pravdov\u00e1, Ph.D., MBAz\u00e1stupkyn\u011b \u0159editele pro vn\u011bj\u0161\u00ed vztahy a popularizacie-mail: pravdova at ujc.cas.cztel.: +420 225 391 426<\/p>\n","protected":false},"author":1,"featured_media":0,"parent":0,"menu_order":0,"comment_status":"closed","ping_status":"closed","template":"","meta":{"footnotes":""},"categories":[29],"tags":[],"class_list":["post-786","page","type-page","status-publish","hentry","category-o-ustavu"],"acf":[],"yoast_head":"<!-- This site is optimized with the Yoast SEO plugin v22.8 - https:\/\/yoast.com\/wordpress\/plugins\/seo\/ -->\n<title>Kontakty pro m\u00e9dia - Department of Language Studies<\/title>\n<meta name=\"robots\" content=\"index, follow, max-snippet:-1, max-image-preview:large, max-video-preview:-1\" \/>\n<link rel=\"canonical\" href=\"https:\/\/langdpt.cas.cz\/en\/kontakty-pro-media\/\" \/>\n<meta property=\"og:locale\" content=\"en_US\" \/>\n<meta property=\"og:type\" content=\"article\" \/>\n<meta property=\"og:title\" content=\"Kontakty pro m\u00e9dia - Department of Language Studies\" \/>\n<meta property=\"og:description\" content=\"PhDr. Martin Pro\u0161ek, Ph.D.\u0159editele-mail: prosek at ujc.cas.cztel.: +420 257 533 756, +420 225 391 403 PhDr. Mark\u00e9ta Pravdov\u00e1, Ph.D., MBAz\u00e1stupkyn\u011b \u0159editele pro vn\u011bj\u0161\u00ed vztahy a popularizacie-mail: pravdova at ujc.cas.cztel.: +420 225 391 426\" \/>\n<meta property=\"og:url\" content=\"https:\/\/langdpt.cas.cz\/en\/kontakty-pro-media\/\" \/>\n<meta property=\"og:site_name\" content=\"Department of Language Studies\" \/>\n<meta property=\"article:modified_time\" content=\"2023-06-24T05:26:38+00:00\" \/>\n<meta name=\"twitter:card\" content=\"summary_large_image\" \/>\n<meta name=\"twitter:label1\" content=\"Est. reading time\" \/>\n\t<meta name=\"twitter:data1\" content=\"1 minute\" \/>\n<script type=\"application\/ld+json\" class=\"yoast-schema-graph\">{\"@context\":\"https:\/\/schema.org\",\"@graph\":[{\"@type\":\"WebPage\",\"@id\":\"https:\/\/langdpt.cas.cz\/en\/kontakty-pro-media\/\",\"url\":\"https:\/\/langdpt.cas.cz\/en\/kontakty-pro-media\/\",\"name\":\"Kontakty pro m\u00e9dia - Department of Language Studies\",\"isPartOf\":{\"@id\":\"https:\/\/langdpt.cas.cz\/#website\"},\"datePublished\":\"2023-06-24T05:06:00+00:00\",\"dateModified\":\"2023-06-24T05:26:38+00:00\",\"breadcrumb\":{\"@id\":\"https:\/\/langdpt.cas.cz\/en\/kontakty-pro-media\/#breadcrumb\"},\"inLanguage\":\"en-US\",\"potentialAction\":[{\"@type\":\"ReadAction\",\"target\":[\"https:\/\/langdpt.cas.cz\/en\/kontakty-pro-media\/\"]}]},{\"@type\":\"BreadcrumbList\",\"@id\":\"https:\/\/langdpt.cas.cz\/en\/kontakty-pro-media\/#breadcrumb\",\"itemListElement\":[{\"@type\":\"ListItem\",\"position\":1,\"name\":\"Home\",\"item\":\"https:\/\/langdpt.cas.cz\/\"},{\"@type\":\"ListItem\",\"position\":2,\"name\":\"Kontakty pro m\u00e9dia\"}]},{\"@type\":\"WebSite\",\"@id\":\"https:\/\/langdpt.cas.cz\/#website\",\"url\":\"https:\/\/langdpt.cas.cz\/\",\"name\":\"Department of Language Studies\",\"description\":\"\",\"publisher\":{\"@id\":\"https:\/\/langdpt.cas.cz\/#organization\"},\"potentialAction\":[{\"@type\":\"SearchAction\",\"target\":{\"@type\":\"EntryPoint\",\"urlTemplate\":\"https:\/\/langdpt.cas.cz\/?s={search_term_string}\"},\"query-input\":\"required name=search_term_string\"}],\"inLanguage\":\"en-US\"},{\"@type\":\"Organization\",\"@id\":\"https:\/\/langdpt.cas.cz\/#organization\",\"name\":\"Department of Language Studies\",\"url\":\"https:\/\/langdpt.cas.cz\/\",\"logo\":{\"@type\":\"ImageObject\",\"inLanguage\":\"en-US\",\"@id\":\"https:\/\/langdpt.cas.cz\/#\/schema\/logo\/image\/\",\"url\":\"https:\/\/langdpt.cas.cz\/wp-content\/uploads\/2023\/04\/ksj-logo.svg\",\"contentUrl\":\"https:\/\/langdpt.cas.cz\/wp-content\/uploads\/2023\/04\/ksj-logo.svg\",\"width\":55,\"height\":63,\"caption\":\"Department of Language Studies\"},\"image\":{\"@id\":\"https:\/\/langdpt.cas.cz\/#\/schema\/logo\/image\/\"}}]}<\/script>\n<!-- \/ Yoast SEO plugin. -->","yoast_head_json":{"title":"Kontakty pro m\u00e9dia - Department of Language Studies","robots":{"index":"index","follow":"follow","max-snippet":"max-snippet:-1","max-image-preview":"max-image-preview:large","max-video-preview":"max-video-preview:-1"},"canonical":"https:\/\/langdpt.cas.cz\/en\/kontakty-pro-media\/","og_locale":"en_US","og_type":"article","og_title":"Kontakty pro m\u00e9dia - Department of Language Studies","og_description":"PhDr. Martin Pro\u0161ek, Ph.D.\u0159editele-mail: prosek at ujc.cas.cztel.: +420 257 533 756, +420 225 391 403 PhDr. Mark\u00e9ta Pravdov\u00e1, Ph.D., MBAz\u00e1stupkyn\u011b \u0159editele pro vn\u011bj\u0161\u00ed vztahy a popularizacie-mail: pravdova at ujc.cas.cztel.: +420 225 391 426","og_url":"https:\/\/langdpt.cas.cz\/en\/kontakty-pro-media\/","og_site_name":"Department of Language Studies","article_modified_time":"2023-06-24T05:26:38+00:00","twitter_card":"summary_large_image","twitter_misc":{"Est. reading time":"1 minute"},"schema":{"@context":"https:\/\/schema.org","@graph":[{"@type":"WebPage","@id":"https:\/\/langdpt.cas.cz\/en\/kontakty-pro-media\/","url":"https:\/\/langdpt.cas.cz\/en\/kontakty-pro-media\/","name":"Kontakty pro m\u00e9dia - Department of Language Studies","isPartOf":{"@id":"https:\/\/langdpt.cas.cz\/#website"},"datePublished":"2023-06-24T05:06:00+00:00","dateModified":"2023-06-24T05:26:38+00:00","breadcrumb":{"@id":"https:\/\/langdpt.cas.cz\/en\/kontakty-pro-media\/#breadcrumb"},"inLanguage":"en-US","potentialAction":[{"@type":"ReadAction","target":["https:\/\/langdpt.cas.cz\/en\/kontakty-pro-media\/"]}]},{"@type":"BreadcrumbList","@id":"https:\/\/langdpt.cas.cz\/en\/kontakty-pro-media\/#breadcrumb","itemListElement":[{"@type":"ListItem","position":1,"name":"Home","item":"https:\/\/langdpt.cas.cz\/"},{"@type":"ListItem","position":2,"name":"Kontakty pro m\u00e9dia"}]},{"@type":"WebSite","@id":"https:\/\/langdpt.cas.cz\/#website","url":"https:\/\/langdpt.cas.cz\/","name":"Department of Language Studies","description":"","publisher":{"@id":"https:\/\/langdpt.cas.cz\/#organization"},"potentialAction":[{"@type":"SearchAction","target":{"@type":"EntryPoint","urlTemplate":"https:\/\/langdpt.cas.cz\/?s={search_term_string}"},"query-input":"required name=search_term_string"}],"inLanguage":"en-US"},{"@type":"Organization","@id":"https:\/\/langdpt.cas.cz\/#organization","name":"Department of Language Studies","url":"https:\/\/langdpt.cas.cz\/","logo":{"@type":"ImageObject","inLanguage":"en-US","@id":"https:\/\/langdpt.cas.cz\/#\/schema\/logo\/image\/","url":"https:\/\/langdpt.cas.cz\/wp-content\/uploads\/2023\/04\/ksj-logo.svg","contentUrl":"https:\/\/langdpt.cas.cz\/wp-content\/uploads\/2023\/04\/ksj-logo.svg","width":55,"height":63,"caption":"Department of Language Studies"},"image":{"@id":"https:\/\/langdpt.cas.cz\/#\/schema\/logo\/image\/"}}]}},"_links":{"self":[{"href":"https:\/\/langdpt.cas.cz\/en\/wp-json\/wp\/v2\/pages\/786","targetHints":{"allow":["GET"]}}],"collection":[{"href":"https:\/\/langdpt.cas.cz\/en\/wp-json\/wp\/v2\/pages"}],"about":[{"href":"https:\/\/langdpt.cas.cz\/en\/wp-json\/wp\/v2\/types\/page"}],"author":[{"embeddable":true,"href":"https:\/\/langdpt.cas.cz\/en\/wp-json\/wp\/v2\/users\/1"}],"replies":[{"embeddable":true,"href":"https:\/\/langdpt.cas.cz\/en\/wp-json\/wp\/v2\/comments?post=786"}],"version-history":[{"count":1,"href":"https:\/\/langdpt.cas.cz\/en\/wp-json\/wp\/v2\/pages\/786\/revisions"}],"predecessor-version":[{"id":787,"href":"https:\/\/langdpt.cas.cz\/en\/wp-json\/wp\/v2\/pages\/786\/revisions\/787"}],"wp:attachment":[{"href":"https:\/\/langdpt.cas.cz\/en\/wp-json\/wp\/v2\/media?parent=786"}],"wp:term":[{"taxonomy":"category","embeddable":true,"href":"https:\/\/langdpt.cas.cz\/en\/wp-json\/wp\/v2\/categories?post=786"},{"taxonomy":"post_tag","embeddable":true,"href":"https:\/\/langdpt.cas.cz\/en\/wp-json\/wp\/v2\/tags?post=786"}],"curies":[{"name":"wp","href":"https:\/\/api.w.org\/{rel}","templated":true}]}}