{"id":4828,"date":"2023-07-10T16:43:12","date_gmt":"2023-07-10T16:43:12","guid":{"rendered":"http:\/\/langdpt.cas.cz.uvirt134.active24.cz\/seminare\/"},"modified":"2025-02-12T10:33:40","modified_gmt":"2025-02-12T10:33:40","slug":"seminare","status":"publish","type":"page","link":"https:\/\/langdpt.cas.cz\/en\/seminare\/","title":{"rendered":"Workshops"},"content":{"rendered":"\n<h2 class=\"wp-block-heading\"><\/h2>\n\n\n\n<p>We offer tailor-made workshops for universities, research institutes, and other interested parties, ranging from 90 to 180 minutes (or longer if needed). The workshops are designed to meet specific requirements in the following thematic areas (or other topics based on the client&#8217;s specifications):<\/p>\n\n\n\n<p><\/p>\n\n\n\n<ul class=\"wp-block-list\">\n<li style=\"font-style:normal;font-weight:500\">Introduction to Research Writing<\/li>\n\n\n\n<li style=\"font-style:normal;font-weight:500\">Writing a Research Article in English<\/li>\n\n\n\n<li style=\"font-style:normal;font-weight:500\">Communicating Science: Effective Presentations<\/li>\n\n\n\n<li style=\"font-style:normal;font-weight:500\">Key Principles of Effective Writing: Cohesion, Coherence &amp; Concision<\/li>\n<\/ul>\n\n\n\n<p>The workshops are designed to be hands-on and provide practical experience to workshop participants. The length and specific content are tailored and adjusted to the client&#8217;s needs.<\/p>\n\n\n\n<p><\/p>\n\n\n\n<h3 class=\"wp-block-heading has-text-align-left has-light-background-color has-background\">To request a workshop or a series of workshops, please send us an e-mail here:<a href=\"kurzy@langdpt.cas.cz\"> kurzy@langdpt.cas.cz<\/a> or give us a call.<\/h3>\n\n\n\n<p><\/p>\n\n\n\n<h3 class=\"wp-block-heading\">References:<\/h3>\n\n\n\n<p><\/p>\n\n\n\n<ul class=\"wp-block-list\">\n<li>Biological Centre of the CAS, v. v. i. \u010cesk\u00e9 Bud\u011bjovice<\/li>\n\n\n\n<li>Brno University of Technology<\/li>\n\n\n\n<li>CEITEC Brno<\/li>\n\n\n\n<li>Institute of Physics of the CAS, v. v. i.<\/li>\n\n\n\n<li>Institute of Sociology of the CAS, v. v. i.<\/li>\n\n\n\n<li>J. Heyrovsk\u00fd Institute of Physical Chemistry of the CAS, v. v. i.<\/li>\n\n\n\n<li>Masaryk University<\/li>\n\n\n\n<li>UK Point Praha and various faculties of Charles University (College of Arts, School of Medicine Hradec Kr\u00e1lov\u00e9, Faculty of Science, School of Education, etc.)<\/li>\n<\/ul>\n","protected":false},"excerpt":{"rendered":"<p>We offer tailor-made workshops for universities, research institutes, and other interested parties, ranging from 90 to 180 minutes (or longer if needed). The workshops are designed to meet specific requirements in the following thematic areas (or other topics based on the client&#8217;s specifications): The workshops are designed to be hands-on and provide practical experience to [&hellip;]<\/p>\n","protected":false},"author":1,"featured_media":0,"parent":0,"menu_order":0,"comment_status":"closed","ping_status":"closed","template":"","meta":{"footnotes":""},"categories":[],"tags":[],"class_list":["post-4828","page","type-page","status-publish","hentry"],"acf":[],"yoast_head":"<!-- This site is optimized with the Yoast SEO plugin v22.8 - https:\/\/yoast.com\/wordpress\/plugins\/seo\/ -->\n<title>Workshops - Department of Language Studies<\/title>\n<meta name=\"robots\" content=\"index, follow, max-snippet:-1, max-image-preview:large, max-video-preview:-1\" \/>\n<link rel=\"canonical\" href=\"https:\/\/langdpt.cas.cz\/en\/seminare\/\" \/>\n<meta property=\"og:locale\" content=\"en_US\" \/>\n<meta property=\"og:type\" content=\"article\" \/>\n<meta property=\"og:title\" content=\"Workshops - Department of Language Studies\" \/>\n<meta property=\"og:description\" content=\"We offer tailor-made workshops for universities, research institutes, and other interested parties, ranging from 90 to 180 minutes (or longer if needed). The workshops are designed to meet specific requirements in the following thematic areas (or other topics based on the client&#8217;s specifications): The workshops are designed to be hands-on and provide practical experience to [&hellip;]\" \/>\n<meta property=\"og:url\" content=\"https:\/\/langdpt.cas.cz\/en\/seminare\/\" \/>\n<meta property=\"og:site_name\" content=\"Department of Language Studies\" \/>\n<meta property=\"article:modified_time\" content=\"2025-02-12T10:33:40+00:00\" \/>\n<meta name=\"twitter:card\" content=\"summary_large_image\" \/>\n<meta name=\"twitter:label1\" content=\"Est. reading time\" \/>\n\t<meta name=\"twitter:data1\" content=\"2 minutes\" \/>\n<script type=\"application\/ld+json\" class=\"yoast-schema-graph\">{\"@context\":\"https:\/\/schema.org\",\"@graph\":[{\"@type\":\"WebPage\",\"@id\":\"https:\/\/langdpt.cas.cz\/en\/seminare\/\",\"url\":\"https:\/\/langdpt.cas.cz\/en\/seminare\/\",\"name\":\"Workshops - Department of Language Studies\",\"isPartOf\":{\"@id\":\"https:\/\/langdpt.cas.cz\/#website\"},\"datePublished\":\"2023-07-10T16:43:12+00:00\",\"dateModified\":\"2025-02-12T10:33:40+00:00\",\"breadcrumb\":{\"@id\":\"https:\/\/langdpt.cas.cz\/en\/seminare\/#breadcrumb\"},\"inLanguage\":\"en-US\",\"potentialAction\":[{\"@type\":\"ReadAction\",\"target\":[\"https:\/\/langdpt.cas.cz\/en\/seminare\/\"]}]},{\"@type\":\"BreadcrumbList\",\"@id\":\"https:\/\/langdpt.cas.cz\/en\/seminare\/#breadcrumb\",\"itemListElement\":[{\"@type\":\"ListItem\",\"position\":1,\"name\":\"Home\",\"item\":\"https:\/\/langdpt.cas.cz\/\"},{\"@type\":\"ListItem\",\"position\":2,\"name\":\"Workshops\"}]},{\"@type\":\"WebSite\",\"@id\":\"https:\/\/langdpt.cas.cz\/#website\",\"url\":\"https:\/\/langdpt.cas.cz\/\",\"name\":\"Department of Language Studies\",\"description\":\"\",\"publisher\":{\"@id\":\"https:\/\/langdpt.cas.cz\/#organization\"},\"potentialAction\":[{\"@type\":\"SearchAction\",\"target\":{\"@type\":\"EntryPoint\",\"urlTemplate\":\"https:\/\/langdpt.cas.cz\/?s={search_term_string}\"},\"query-input\":\"required name=search_term_string\"}],\"inLanguage\":\"en-US\"},{\"@type\":\"Organization\",\"@id\":\"https:\/\/langdpt.cas.cz\/#organization\",\"name\":\"Department of Language Studies\",\"url\":\"https:\/\/langdpt.cas.cz\/\",\"logo\":{\"@type\":\"ImageObject\",\"inLanguage\":\"en-US\",\"@id\":\"https:\/\/langdpt.cas.cz\/#\/schema\/logo\/image\/\",\"url\":\"https:\/\/langdpt.cas.cz\/wp-content\/uploads\/2023\/04\/ksj-logo.svg\",\"contentUrl\":\"https:\/\/langdpt.cas.cz\/wp-content\/uploads\/2023\/04\/ksj-logo.svg\",\"width\":55,\"height\":63,\"caption\":\"Department of Language Studies\"},\"image\":{\"@id\":\"https:\/\/langdpt.cas.cz\/#\/schema\/logo\/image\/\"}}]}<\/script>\n<!-- \/ Yoast SEO plugin. -->","yoast_head_json":{"title":"Workshops - Department of Language Studies","robots":{"index":"index","follow":"follow","max-snippet":"max-snippet:-1","max-image-preview":"max-image-preview:large","max-video-preview":"max-video-preview:-1"},"canonical":"https:\/\/langdpt.cas.cz\/en\/seminare\/","og_locale":"en_US","og_type":"article","og_title":"Workshops - Department of Language Studies","og_description":"We offer tailor-made workshops for universities, research institutes, and other interested parties, ranging from 90 to 180 minutes (or longer if needed). The workshops are designed to meet specific requirements in the following thematic areas (or other topics based on the client&#8217;s specifications): The workshops are designed to be hands-on and provide practical experience to [&hellip;]","og_url":"https:\/\/langdpt.cas.cz\/en\/seminare\/","og_site_name":"Department of Language Studies","article_modified_time":"2025-02-12T10:33:40+00:00","twitter_card":"summary_large_image","twitter_misc":{"Est. reading time":"2 minutes"},"schema":{"@context":"https:\/\/schema.org","@graph":[{"@type":"WebPage","@id":"https:\/\/langdpt.cas.cz\/en\/seminare\/","url":"https:\/\/langdpt.cas.cz\/en\/seminare\/","name":"Workshops - Department of Language Studies","isPartOf":{"@id":"https:\/\/langdpt.cas.cz\/#website"},"datePublished":"2023-07-10T16:43:12+00:00","dateModified":"2025-02-12T10:33:40+00:00","breadcrumb":{"@id":"https:\/\/langdpt.cas.cz\/en\/seminare\/#breadcrumb"},"inLanguage":"en-US","potentialAction":[{"@type":"ReadAction","target":["https:\/\/langdpt.cas.cz\/en\/seminare\/"]}]},{"@type":"BreadcrumbList","@id":"https:\/\/langdpt.cas.cz\/en\/seminare\/#breadcrumb","itemListElement":[{"@type":"ListItem","position":1,"name":"Home","item":"https:\/\/langdpt.cas.cz\/"},{"@type":"ListItem","position":2,"name":"Workshops"}]},{"@type":"WebSite","@id":"https:\/\/langdpt.cas.cz\/#website","url":"https:\/\/langdpt.cas.cz\/","name":"Department of Language Studies","description":"","publisher":{"@id":"https:\/\/langdpt.cas.cz\/#organization"},"potentialAction":[{"@type":"SearchAction","target":{"@type":"EntryPoint","urlTemplate":"https:\/\/langdpt.cas.cz\/?s={search_term_string}"},"query-input":"required name=search_term_string"}],"inLanguage":"en-US"},{"@type":"Organization","@id":"https:\/\/langdpt.cas.cz\/#organization","name":"Department of Language Studies","url":"https:\/\/langdpt.cas.cz\/","logo":{"@type":"ImageObject","inLanguage":"en-US","@id":"https:\/\/langdpt.cas.cz\/#\/schema\/logo\/image\/","url":"https:\/\/langdpt.cas.cz\/wp-content\/uploads\/2023\/04\/ksj-logo.svg","contentUrl":"https:\/\/langdpt.cas.cz\/wp-content\/uploads\/2023\/04\/ksj-logo.svg","width":55,"height":63,"caption":"Department of Language Studies"},"image":{"@id":"https:\/\/langdpt.cas.cz\/#\/schema\/logo\/image\/"}}]}},"_links":{"self":[{"href":"https:\/\/langdpt.cas.cz\/en\/wp-json\/wp\/v2\/pages\/4828","targetHints":{"allow":["GET"]}}],"collection":[{"href":"https:\/\/langdpt.cas.cz\/en\/wp-json\/wp\/v2\/pages"}],"about":[{"href":"https:\/\/langdpt.cas.cz\/en\/wp-json\/wp\/v2\/types\/page"}],"author":[{"embeddable":true,"href":"https:\/\/langdpt.cas.cz\/en\/wp-json\/wp\/v2\/users\/1"}],"replies":[{"embeddable":true,"href":"https:\/\/langdpt.cas.cz\/en\/wp-json\/wp\/v2\/comments?post=4828"}],"version-history":[{"count":5,"href":"https:\/\/langdpt.cas.cz\/en\/wp-json\/wp\/v2\/pages\/4828\/revisions"}],"predecessor-version":[{"id":20282,"href":"https:\/\/langdpt.cas.cz\/en\/wp-json\/wp\/v2\/pages\/4828\/revisions\/20282"}],"wp:attachment":[{"href":"https:\/\/langdpt.cas.cz\/en\/wp-json\/wp\/v2\/media?parent=4828"}],"wp:term":[{"taxonomy":"category","embeddable":true,"href":"https:\/\/langdpt.cas.cz\/en\/wp-json\/wp\/v2\/categories?post=4828"},{"taxonomy":"post_tag","embeddable":true,"href":"https:\/\/langdpt.cas.cz\/en\/wp-json\/wp\/v2\/tags?post=4828"}],"curies":[{"name":"wp","href":"https:\/\/api.w.org\/{rel}","templated":true}]}}