{"id":4695,"date":"2024-01-31T20:03:58","date_gmt":"2024-01-31T20:03:58","guid":{"rendered":"http:\/\/langdpt.cas.cz.uvirt134.active24.cz\/o-studiu\/"},"modified":"2026-02-25T07:39:04","modified_gmt":"2026-02-25T07:39:04","slug":"o-studiu","status":"publish","type":"page","link":"https:\/\/langdpt.cas.cz\/en\/o-studiu\/","title":{"rendered":"Conditions and Dates"},"content":{"rendered":"\n<p><\/p>\n\n\n\n<h2 class=\"wp-block-heading\" id=\"harmonogram\">Organization of the academic year 2025\/26<\/h2>\n\n\n\n<ul class=\"wp-block-list\">\n<li>Fall semester in 2025: <strong>September 15,&nbsp;2025 \u2013 December 19, 2025<\/strong>&nbsp;<\/li>\n\n\n\n<li>Fall semester in 2026: <strong>January 5, 2026 \u2013 January 30, 2026<\/strong><\/li>\n\n\n\n<li>Mid-year break: <strong>February 2, 2026<\/strong> <strong>\u2013 February 6, 2026<\/strong>&nbsp;<\/li>\n\n\n\n<li>Spring semester: <strong>February 9, 2026 \u2013 June 12, 2026<\/strong><\/li>\n<\/ul>\n\n\n\n<p><\/p>\n\n\n\n<h2 class=\"wp-block-heading\" id=\"cenik\">Fees<\/h2>\n\n\n\n<p>You will find the current price list for 2025\/26 <a href=\"https:\/\/langdpt.cas.cz\/wp-content\/uploads\/2025\/06\/Cenik-2025-2026_EN.pdf\">here<\/a><\/p>\n\n\n\n<p>Questions about payment:&nbsp;<a href=\"https:\/\/web.archive.org\/web\/20231213210237\/mailto:martynkova@langdpt.cas.cz\">martynkova@langdpt.cas.cz<\/a><\/p>\n\n\n\n<p>Account No.:&nbsp;<strong>987654386\/5500<\/strong><\/p>\n\n\n\n<p><\/p>\n\n\n\n<p><\/p>\n\n\n\n<h2 class=\"wp-block-heading\" id=\"pravidla\">Course Attendance: Terms and Conditions<\/h2>\n\n\n\n<p>You will find the current&nbsp;Terms and Conditions for attending our courses <a href=\"https:\/\/langdpt.cas.cz\/wp-content\/uploads\/2025\/06\/Terms-and-conditions-25-26.pdf\">here<\/a>.<\/p>\n\n\n\n<p><\/p>\n\n\n\n<p><\/p>\n\n\n\n<h2 class=\"wp-block-heading\" id=\"struktura\">Course Organization<\/h2>\n\n\n\n<p><strong>Course Frequency:<\/strong>&nbsp; Face-to-face and online courses, or blended courses (a combination of face-to-face meetings and online meetings\/independent work on LSM Moodle) are offered in the following modes:<\/p>\n\n\n\n<ul class=\"wp-block-list\">\n<li>Once a week, 90 minutes (60 minutes for smaller groups), or&nbsp;<\/li>\n\n\n\n<li>Twice a week, 90&nbsp;minutes (Czech for foreigners)<\/li>\n\n\n\n<li>Online\/Blended courses \u2013 as specified in the course description<\/li>\n<\/ul>\n\n\n\n<p><strong>Place:<\/strong>&nbsp;Face-to-face courses take place in Prague and in Brno \u2013 in Prague at Kabinet studia jazyk\u016f (KSJ) at the address Pod Vod\u00e1renskou v\u011b\u017e\u00ed 2, Praha 8; in Brno, in various locations as specified in the timetable.<\/p>\n\n\n\n<p><strong>Groups:<\/strong>&nbsp;Classes are taught in groups of 7\u201312 students in well-equipped classrooms (ceiling projectors, projection screen with a sound system)<\/p>\n\n\n\n<p><\/p>\n\n\n\n<p><a href=\"https:\/\/langdpt.cas.cz\/wp-content\/uploads\/2025\/06\/English-Course-Guide-B1_C1_2025.pdf\">In which English course to continue? (English Courses Navigator)<\/a><\/p>\n\n\n\n<p><\/p>\n\n\n\n<h2 class=\"wp-block-heading\" id=\"rozvrh\">Timetable<\/h2>\n\n\n\n<p><a href=\"https:\/\/langdpt.cas.cz\/wp-content\/uploads\/2026\/02\/Rozvrh-Praha-2025-26.pdf\">Prague timetable<\/a> for face-to-face courses<\/p>\n\n\n\n<p>Prague and Brno <a href=\"https:\/\/langdpt.cas.cz\/wp-content\/uploads\/2026\/02\/Rozvrh-online-2025-26.pdf\">timetable for online courses<\/a><\/p>\n\n\n\n<p><a href=\"https:\/\/langdpt.cas.cz\/wp-content\/uploads\/2026\/02\/Rozvrh-Brno-2025-26.pdf\">Brno timetable<\/a><\/p>\n\n\n\n<p><\/p>\n","protected":false},"excerpt":{"rendered":"<p>Organization of the academic year 2025\/26 Fees You will find the current price list for 2025\/26 here Questions about payment:&nbsp;martynkova@langdpt.cas.cz Account No.:&nbsp;987654386\/5500 Course Attendance: Terms and Conditions You will find the current&nbsp;Terms and Conditions for attending our courses here. Course Organization Course Frequency:&nbsp; Face-to-face and online courses, or blended courses (a combination of face-to-face meetings [&hellip;]<\/p>\n","protected":false},"author":1,"featured_media":0,"parent":0,"menu_order":0,"comment_status":"closed","ping_status":"closed","template":"","meta":{"footnotes":""},"categories":[],"tags":[],"class_list":["post-4695","page","type-page","status-publish","hentry"],"acf":[],"yoast_head":"<!-- This site is optimized with the Yoast SEO plugin v22.8 - https:\/\/yoast.com\/wordpress\/plugins\/seo\/ -->\n<title>Conditions and Dates - Department of Language Studies<\/title>\n<meta name=\"robots\" content=\"index, follow, max-snippet:-1, max-image-preview:large, max-video-preview:-1\" \/>\n<link rel=\"canonical\" href=\"https:\/\/langdpt.cas.cz\/en\/o-studiu\/\" \/>\n<meta property=\"og:locale\" content=\"en_US\" \/>\n<meta property=\"og:type\" content=\"article\" \/>\n<meta property=\"og:title\" content=\"Conditions and Dates - Department of Language Studies\" \/>\n<meta property=\"og:description\" content=\"Organization of the academic year 2025\/26 Fees You will find the current price list for 2025\/26 here Questions about payment:&nbsp;martynkova@langdpt.cas.cz Account No.:&nbsp;987654386\/5500 Course Attendance: Terms and Conditions You will find the current&nbsp;Terms and Conditions for attending our courses here. Course Organization Course Frequency:&nbsp; Face-to-face and online courses, or blended courses (a combination of face-to-face meetings [&hellip;]\" \/>\n<meta property=\"og:url\" content=\"https:\/\/langdpt.cas.cz\/en\/o-studiu\/\" \/>\n<meta property=\"og:site_name\" content=\"Department of Language Studies\" \/>\n<meta property=\"article:modified_time\" content=\"2026-02-25T07:39:04+00:00\" \/>\n<meta name=\"twitter:card\" content=\"summary_large_image\" \/>\n<meta name=\"twitter:label1\" content=\"Est. reading time\" \/>\n\t<meta name=\"twitter:data1\" content=\"2 minutes\" \/>\n<script type=\"application\/ld+json\" class=\"yoast-schema-graph\">{\"@context\":\"https:\/\/schema.org\",\"@graph\":[{\"@type\":\"WebPage\",\"@id\":\"https:\/\/langdpt.cas.cz\/en\/o-studiu\/\",\"url\":\"https:\/\/langdpt.cas.cz\/en\/o-studiu\/\",\"name\":\"Conditions and Dates - Department of Language Studies\",\"isPartOf\":{\"@id\":\"https:\/\/langdpt.cas.cz\/#website\"},\"datePublished\":\"2024-01-31T20:03:58+00:00\",\"dateModified\":\"2026-02-25T07:39:04+00:00\",\"breadcrumb\":{\"@id\":\"https:\/\/langdpt.cas.cz\/en\/o-studiu\/#breadcrumb\"},\"inLanguage\":\"en-US\",\"potentialAction\":[{\"@type\":\"ReadAction\",\"target\":[\"https:\/\/langdpt.cas.cz\/en\/o-studiu\/\"]}]},{\"@type\":\"BreadcrumbList\",\"@id\":\"https:\/\/langdpt.cas.cz\/en\/o-studiu\/#breadcrumb\",\"itemListElement\":[{\"@type\":\"ListItem\",\"position\":1,\"name\":\"Home\",\"item\":\"https:\/\/langdpt.cas.cz\/\"},{\"@type\":\"ListItem\",\"position\":2,\"name\":\"Conditions and Dates\"}]},{\"@type\":\"WebSite\",\"@id\":\"https:\/\/langdpt.cas.cz\/#website\",\"url\":\"https:\/\/langdpt.cas.cz\/\",\"name\":\"Department of Language Studies\",\"description\":\"\",\"publisher\":{\"@id\":\"https:\/\/langdpt.cas.cz\/#organization\"},\"potentialAction\":[{\"@type\":\"SearchAction\",\"target\":{\"@type\":\"EntryPoint\",\"urlTemplate\":\"https:\/\/langdpt.cas.cz\/?s={search_term_string}\"},\"query-input\":\"required name=search_term_string\"}],\"inLanguage\":\"en-US\"},{\"@type\":\"Organization\",\"@id\":\"https:\/\/langdpt.cas.cz\/#organization\",\"name\":\"Department of Language Studies\",\"url\":\"https:\/\/langdpt.cas.cz\/\",\"logo\":{\"@type\":\"ImageObject\",\"inLanguage\":\"en-US\",\"@id\":\"https:\/\/langdpt.cas.cz\/#\/schema\/logo\/image\/\",\"url\":\"https:\/\/langdpt.cas.cz\/wp-content\/uploads\/2023\/04\/ksj-logo.svg\",\"contentUrl\":\"https:\/\/langdpt.cas.cz\/wp-content\/uploads\/2023\/04\/ksj-logo.svg\",\"width\":55,\"height\":63,\"caption\":\"Department of Language Studies\"},\"image\":{\"@id\":\"https:\/\/langdpt.cas.cz\/#\/schema\/logo\/image\/\"}}]}<\/script>\n<!-- \/ Yoast SEO plugin. -->","yoast_head_json":{"title":"Conditions and Dates - Department of Language Studies","robots":{"index":"index","follow":"follow","max-snippet":"max-snippet:-1","max-image-preview":"max-image-preview:large","max-video-preview":"max-video-preview:-1"},"canonical":"https:\/\/langdpt.cas.cz\/en\/o-studiu\/","og_locale":"en_US","og_type":"article","og_title":"Conditions and Dates - Department of Language Studies","og_description":"Organization of the academic year 2025\/26 Fees You will find the current price list for 2025\/26 here Questions about payment:&nbsp;martynkova@langdpt.cas.cz Account No.:&nbsp;987654386\/5500 Course Attendance: Terms and Conditions You will find the current&nbsp;Terms and Conditions for attending our courses here. Course Organization Course Frequency:&nbsp; Face-to-face and online courses, or blended courses (a combination of face-to-face meetings [&hellip;]","og_url":"https:\/\/langdpt.cas.cz\/en\/o-studiu\/","og_site_name":"Department of Language Studies","article_modified_time":"2026-02-25T07:39:04+00:00","twitter_card":"summary_large_image","twitter_misc":{"Est. reading time":"2 minutes"},"schema":{"@context":"https:\/\/schema.org","@graph":[{"@type":"WebPage","@id":"https:\/\/langdpt.cas.cz\/en\/o-studiu\/","url":"https:\/\/langdpt.cas.cz\/en\/o-studiu\/","name":"Conditions and Dates - Department of Language Studies","isPartOf":{"@id":"https:\/\/langdpt.cas.cz\/#website"},"datePublished":"2024-01-31T20:03:58+00:00","dateModified":"2026-02-25T07:39:04+00:00","breadcrumb":{"@id":"https:\/\/langdpt.cas.cz\/en\/o-studiu\/#breadcrumb"},"inLanguage":"en-US","potentialAction":[{"@type":"ReadAction","target":["https:\/\/langdpt.cas.cz\/en\/o-studiu\/"]}]},{"@type":"BreadcrumbList","@id":"https:\/\/langdpt.cas.cz\/en\/o-studiu\/#breadcrumb","itemListElement":[{"@type":"ListItem","position":1,"name":"Home","item":"https:\/\/langdpt.cas.cz\/"},{"@type":"ListItem","position":2,"name":"Conditions and Dates"}]},{"@type":"WebSite","@id":"https:\/\/langdpt.cas.cz\/#website","url":"https:\/\/langdpt.cas.cz\/","name":"Department of Language Studies","description":"","publisher":{"@id":"https:\/\/langdpt.cas.cz\/#organization"},"potentialAction":[{"@type":"SearchAction","target":{"@type":"EntryPoint","urlTemplate":"https:\/\/langdpt.cas.cz\/?s={search_term_string}"},"query-input":"required name=search_term_string"}],"inLanguage":"en-US"},{"@type":"Organization","@id":"https:\/\/langdpt.cas.cz\/#organization","name":"Department of Language Studies","url":"https:\/\/langdpt.cas.cz\/","logo":{"@type":"ImageObject","inLanguage":"en-US","@id":"https:\/\/langdpt.cas.cz\/#\/schema\/logo\/image\/","url":"https:\/\/langdpt.cas.cz\/wp-content\/uploads\/2023\/04\/ksj-logo.svg","contentUrl":"https:\/\/langdpt.cas.cz\/wp-content\/uploads\/2023\/04\/ksj-logo.svg","width":55,"height":63,"caption":"Department of Language Studies"},"image":{"@id":"https:\/\/langdpt.cas.cz\/#\/schema\/logo\/image\/"}}]}},"_links":{"self":[{"href":"https:\/\/langdpt.cas.cz\/en\/wp-json\/wp\/v2\/pages\/4695","targetHints":{"allow":["GET"]}}],"collection":[{"href":"https:\/\/langdpt.cas.cz\/en\/wp-json\/wp\/v2\/pages"}],"about":[{"href":"https:\/\/langdpt.cas.cz\/en\/wp-json\/wp\/v2\/types\/page"}],"author":[{"embeddable":true,"href":"https:\/\/langdpt.cas.cz\/en\/wp-json\/wp\/v2\/users\/1"}],"replies":[{"embeddable":true,"href":"https:\/\/langdpt.cas.cz\/en\/wp-json\/wp\/v2\/comments?post=4695"}],"version-history":[{"count":44,"href":"https:\/\/langdpt.cas.cz\/en\/wp-json\/wp\/v2\/pages\/4695\/revisions"}],"predecessor-version":[{"id":41995,"href":"https:\/\/langdpt.cas.cz\/en\/wp-json\/wp\/v2\/pages\/4695\/revisions\/41995"}],"wp:attachment":[{"href":"https:\/\/langdpt.cas.cz\/en\/wp-json\/wp\/v2\/media?parent=4695"}],"wp:term":[{"taxonomy":"category","embeddable":true,"href":"https:\/\/langdpt.cas.cz\/en\/wp-json\/wp\/v2\/categories?post=4695"},{"taxonomy":"post_tag","embeddable":true,"href":"https:\/\/langdpt.cas.cz\/en\/wp-json\/wp\/v2\/tags?post=4695"}],"curies":[{"name":"wp","href":"https:\/\/api.w.org\/{rel}","templated":true}]}}